{"id":66,"date":"2021-03-29T13:55:24","date_gmt":"2021-03-29T11:55:24","guid":{"rendered":"https:\/\/www.sageauthie.fr\/?page_id=66"},"modified":"2025-02-21T09:53:55","modified_gmt":"2025-02-21T08:53:55","slug":"les-comptes-rendus-de-la-cle","status":"publish","type":"page","link":"https:\/\/www.sageauthie.fr\/index.php\/les-comptes-rendus-de-la-cle\/","title":{"rendered":"Les comptes rendus de la CLE"},"content":{"rendered":"<div class=\"su-spoiler su-spoiler-style-default su-spoiler-icon-arrow su-spoiler-closed\" data-scroll-offset=\"0\" data-anchor-in-url=\"no\"><div class=\"su-spoiler-title\" tabindex=\"0\" role=\"button\"><span class=\"su-spoiler-icon\"><\/span>s\u00e9ance pl\u00e9ni\u00e8re<\/div><div class=\"su-spoiler-content su-u-clearfix su-u-trim\">\nR\u00e9union du 12 d\u00e9cembre 2024 :<br \/>\n<a href=\"https:\/\/www.sageauthie.fr\/wp-content\/uploads\/2025\/02\/2024.12.12-Authie_CR_CLE.pdf\" class=\"su-button su-button-style-default\" style=\"color:#FFFFFF;background-color:#2D89EF;border-color:#246ec0;border-radius:5px\" target=\"_blank\" rel=\"noopener noreferrer\"><span style=\"color:#FFFFFF;padding:0px 16px;font-size:13px;line-height:26px;border-color:#6cadf4;border-radius:5px;text-shadow:none\"> Compte rendu<\/span><\/a>\n<a href=\"https:\/\/www.sageauthie.fr\/wp-content\/uploads\/2025\/02\/2024.12.12-PresentationAuthie_Pleniere.pdf\" class=\"su-button su-button-style-default\" style=\"color:#FFFFFF;background-color:#2D89EF;border-color:#246ec0;border-radius:5px\" target=\"_blank\" rel=\"noopener noreferrer\"><span style=\"color:#FFFFFF;padding:0px 16px;font-size:13px;line-height:26px;border-color:#6cadf4;border-radius:5px;text-shadow:none\"> Pr\u00e9sentation<\/span><\/a>\n<\/div><\/div>\n\n\n<div class=\"su-spoiler su-spoiler-style-default su-spoiler-icon-arrow su-spoiler-closed\" data-scroll-offset=\"0\" data-anchor-in-url=\"no\"><div class=\"su-spoiler-title\" tabindex=\"0\" role=\"button\"><span class=\"su-spoiler-icon\"><\/span>s\u00e9ance pl\u00e9ni\u00e8re<\/div><div class=\"su-spoiler-content su-u-clearfix su-u-trim\">\nR\u00e9union du 1er juillet 2024 :<br \/>\n<a href=\"https:\/\/www.sageauthie.fr\/wp-content\/uploads\/2025\/02\/2024.07.01-Authie_CR_CLE.pdf\" class=\"su-button su-button-style-default\" style=\"color:#FFFFFF;background-color:#2D89EF;border-color:#246ec0;border-radius:5px\" target=\"_blank\" rel=\"noopener noreferrer\"><span style=\"color:#FFFFFF;padding:0px 16px;font-size:13px;line-height:26px;border-color:#6cadf4;border-radius:5px;text-shadow:none\"> Compte rendu<\/span><\/a>\n<a href=\"https:\/\/www.sageauthie.fr\/wp-content\/uploads\/2025\/02\/2024.07.01-PresentationAuthie_CLE.pdf\" class=\"su-button su-button-style-default\" style=\"color:#FFFFFF;background-color:#2D89EF;border-color:#246ec0;border-radius:5px\" target=\"_blank\" rel=\"noopener noreferrer\"><span style=\"color:#FFFFFF;padding:0px 16px;font-size:13px;line-height:26px;border-color:#6cadf4;border-radius:5px;text-shadow:none\"> Pr\u00e9sentation<\/span><\/a>\n<\/div><\/div>\n\n\n<div class=\"su-spoiler su-spoiler-style-default su-spoiler-icon-arrow su-spoiler-closed\" data-scroll-offset=\"0\" data-anchor-in-url=\"no\"><div class=\"su-spoiler-title\" tabindex=\"0\" role=\"button\"><span class=\"su-spoiler-icon\"><\/span>Installation de la CLE Authie<\/div><div class=\"su-spoiler-content su-u-clearfix su-u-trim\">\nR\u00e9union du 11 mai 2021 :<br \/>\n<a href=\"http:\/\/CR_CLE_Authie_11.05.2021\" class=\"su-button su-button-style-default\" style=\"color:#FFFFFF;background-color:#2D89EF;border-color:#246ec0;border-radius:5px\" target=\"_blank\" rel=\"noopener noreferrer\"><span style=\"color:#FFFFFF;padding:0px 16px;font-size:13px;line-height:26px;border-color:#6cadf4;border-radius:5px;text-shadow:none\"> Compte rendu<\/span><\/a>\n<a href=\"https:\/\/www.sageauthie.fr\/wp-content\/uploads\/2021\/10\/Presentation-1.pptx\" class=\"su-button su-button-style-default\" style=\"color:#FFFFFF;background-color:#2D89EF;border-color:#246ec0;border-radius:5px\" target=\"_blank\" rel=\"noopener noreferrer\"><span style=\"color:#FFFFFF;padding:0px 16px;font-size:13px;line-height:26px;border-color:#6cadf4;border-radius:5px;text-shadow:none\"> Pr\u00e9sentation<\/span><\/a>\n<\/div><\/div>\n\n\n<div class=\"su-spoiler su-spoiler-style-default su-spoiler-icon-arrow su-spoiler-closed\" data-scroll-offset=\"0\" data-anchor-in-url=\"no\"><div class=\"su-spoiler-title\" tabindex=\"0\" role=\"button\"><span class=\"su-spoiler-icon\"><\/span>Validation \u00e9tat des lieux\/diagnostic<\/div><div class=\"su-spoiler-content su-u-clearfix su-u-trim\">\nR\u00e9union du 3 f\u00e9vrier 2022 :<br \/>\n<a href=\"https:\/\/www.sageauthie.fr\/wp-content\/uploads\/2022\/03\/CR_CLE_Authie_03.02.2022.pdf\" class=\"su-button su-button-style-default\" style=\"color:#FFFFFF;background-color:#2D89EF;border-color:#246ec0;border-radius:5px\" target=\"_blank\" rel=\"noopener noreferrer\"><span style=\"color:#FFFFFF;padding:0px 16px;font-size:13px;line-height:26px;border-color:#6cadf4;border-radius:5px;text-shadow:none\"> Compte rendu<\/span><\/a>\n<a href=\"https:\/\/www.sageauthie.fr\/wp-content\/uploads\/2022\/09\/Presentation-.pdf\" class=\"su-button su-button-style-default\" style=\"color:#FFFFFF;background-color:#2D89EF;border-color:#246ec0;border-radius:5px\" target=\"_self\"><span style=\"color:#FFFFFF;padding:0px 16px;font-size:13px;line-height:26px;border-color:#6cadf4;border-radius:5px;text-shadow:none\"> Pr\u00e9sentation<\/span><\/a>\n<\/div><\/div>\n","protected":false},"excerpt":{"rendered":"","protected":false},"author":2,"featured_media":0,"parent":0,"menu_order":0,"comment_status":"closed","ping_status":"closed","template":"","meta":{"footnotes":""},"class_list":["post-66","page","type-page","status-publish","hentry"],"_links":{"self":[{"href":"https:\/\/www.sageauthie.fr\/index.php\/wp-json\/wp\/v2\/pages\/66","targetHints":{"allow":["GET"]}}],"collection":[{"href":"https:\/\/www.sageauthie.fr\/index.php\/wp-json\/wp\/v2\/pages"}],"about":[{"href":"https:\/\/www.sageauthie.fr\/index.php\/wp-json\/wp\/v2\/types\/page"}],"author":[{"embeddable":true,"href":"https:\/\/www.sageauthie.fr\/index.php\/wp-json\/wp\/v2\/users\/2"}],"replies":[{"embeddable":true,"href":"https:\/\/www.sageauthie.fr\/index.php\/wp-json\/wp\/v2\/comments?post=66"}],"version-history":[{"count":10,"href":"https:\/\/www.sageauthie.fr\/index.php\/wp-json\/wp\/v2\/pages\/66\/revisions"}],"predecessor-version":[{"id":859,"href":"https:\/\/www.sageauthie.fr\/index.php\/wp-json\/wp\/v2\/pages\/66\/revisions\/859"}],"wp:attachment":[{"href":"https:\/\/www.sageauthie.fr\/index.php\/wp-json\/wp\/v2\/media?parent=66"}],"curies":[{"name":"wp","href":"https:\/\/api.w.org\/{rel}","templated":true}]}}