{"id":65,"date":"2021-03-29T13:55:24","date_gmt":"2021-03-29T11:55:24","guid":{"rendered":"https:\/\/www.sageauthie.fr\/?page_id=65"},"modified":"2021-05-20T10:03:08","modified_gmt":"2021-05-20T08:03:08","slug":"les-commissions-thematiques","status":"publish","type":"page","link":"https:\/\/www.sageauthie.fr\/index.php\/les-commissions-thematiques\/","title":{"rendered":"Les Commissions Th\u00e9matiques"},"content":{"rendered":"\n<p>La CLE a mis en place le 11 mai 2021 4 Commissions Th\u00e9matiques. Ces commissions peuvent \u00e9voluer dans le temps en fonction des besoins et de l\u2019\u00e9tat d\u2019avancement du SAGE. <\/p>\n\n\n\n<ul class=\"wp-block-list\"><li><a href=\"https:\/\/www.sageauthie.fr\/index.php\/ct1-gestion-des-milieux-aquatiques\/\"><strong>Commission 1&nbsp;<\/strong>: Gestion des milieux aquatiques<\/a><\/li><\/ul>\n\n\n\n<ul class=\"wp-block-list\"><li><a href=\"https:\/\/www.sageauthie.fr\/index.php\/ct2-erosion-ruissellement-et-inondations\/\" data-type=\"URL\" data-id=\"https:\/\/www.sageauthie.fr\/index.php\/ct2-erosion-ruissellement-et-inondations\/\"><strong>Commission 2<\/strong>: \u00c9rosion, ruissellement et inondation<\/a>s<\/li><\/ul>\n\n\n\n<ul class=\"wp-block-list\"><li><a href=\"https:\/\/www.sageauthie.fr\/index.php\/ct3-gestion-de-la-ressource-en-eau\/\"><strong>Commission 3<\/strong>: Gestion de la ressource en eau<\/a><\/li><\/ul>\n\n\n\n<ul class=\"wp-block-list\"><li><a href=\"https:\/\/www.sageauthie.fr\/index.php\/ct4-communication-et-developpement-du-territoire\/\"><strong>Commission 4:<\/strong> Communication et d\u00e9veloppement du territoire<\/a><\/li><\/ul>\n\n\n\n<p>Ces Commissions Th\u00e9matiques constituent les groupes de travail et leurs missions sont:<\/p>\n\n\n\n<ul class=\"wp-block-list\"><li>Lors de l\u2019\u00e9laboration ou la r\u00e9vision du SAGE, de travailler sur les diff\u00e9rentes \u00e9tapes (\u00e9tat des lieux\/diagnostic, strat\u00e9gie et r\u00e8glement) associ\u00e9es \u00e0 leurs th\u00e9matiques;<\/li><li>Lors de sa mise en \u0153uvre, de travailler sur les dossiers techniques associ\u00e9s \u00e0 leurs th\u00e9matiques.<\/li><\/ul>\n\n\n\n<p><\/p>\n","protected":false},"excerpt":{"rendered":"<p>La CLE a mis en place le 11 mai 2021 4 Commissions Th\u00e9matiques. Ces commissions peuvent \u00e9voluer dans le temps en fonction des besoins et de l\u2019\u00e9tat d\u2019avancement du SAGE. Commission 1&nbsp;: Gestion des milieux aquatiques Commission 2: \u00c9rosion, ruissellement et inondations Commission 3: Gestion de la ressource en eau Commission 4: Communication et d\u00e9veloppement &hellip; <\/p>\n<p class=\"link-more\"><a href=\"https:\/\/www.sageauthie.fr\/index.php\/les-commissions-thematiques\/\" class=\"more-link\">Continuer la lecture<span class=\"screen-reader-text\"> de &laquo;&nbsp;Les Commissions Th\u00e9matiques&nbsp;&raquo;<\/span><\/a><\/p>\n","protected":false},"author":2,"featured_media":0,"parent":0,"menu_order":0,"comment_status":"closed","ping_status":"closed","template":"","meta":{"footnotes":""},"class_list":["post-65","page","type-page","status-publish","hentry"],"_links":{"self":[{"href":"https:\/\/www.sageauthie.fr\/index.php\/wp-json\/wp\/v2\/pages\/65","targetHints":{"allow":["GET"]}}],"collection":[{"href":"https:\/\/www.sageauthie.fr\/index.php\/wp-json\/wp\/v2\/pages"}],"about":[{"href":"https:\/\/www.sageauthie.fr\/index.php\/wp-json\/wp\/v2\/types\/page"}],"author":[{"embeddable":true,"href":"https:\/\/www.sageauthie.fr\/index.php\/wp-json\/wp\/v2\/users\/2"}],"replies":[{"embeddable":true,"href":"https:\/\/www.sageauthie.fr\/index.php\/wp-json\/wp\/v2\/comments?post=65"}],"version-history":[{"count":7,"href":"https:\/\/www.sageauthie.fr\/index.php\/wp-json\/wp\/v2\/pages\/65\/revisions"}],"predecessor-version":[{"id":349,"href":"https:\/\/www.sageauthie.fr\/index.php\/wp-json\/wp\/v2\/pages\/65\/revisions\/349"}],"wp:attachment":[{"href":"https:\/\/www.sageauthie.fr\/index.php\/wp-json\/wp\/v2\/media?parent=65"}],"curies":[{"name":"wp","href":"https:\/\/api.w.org\/{rel}","templated":true}]}}