{"id":64,"date":"2021-03-29T13:55:24","date_gmt":"2021-03-29T11:55:24","guid":{"rendered":"https:\/\/www.sageauthie.fr\/?page_id=64"},"modified":"2021-06-17T12:04:25","modified_gmt":"2021-06-17T10:04:25","slug":"la-commission-permanente","status":"publish","type":"page","link":"https:\/\/www.sageauthie.fr\/index.php\/la-commission-permanente\/","title":{"rendered":"La Commission Permanente"},"content":{"rendered":"\n<p>Une Commission Permanente a \u00e9t\u00e9 install\u00e9e le 11 mai 2021. Elle est compos\u00e9e de membres repr\u00e9sentatifs des 3 coll\u00e8ges et pr\u00e9sid\u00e9e par le Pr\u00e9sident de la CLE. Elle permet de r\u00e9unir les 3 coll\u00e8ges sans qu&rsquo;il soit n\u00e9cessaire d&rsquo;organiser une r\u00e9union CLE.<\/p>\n\n\n\n<p><strong>Les principales missions de la Commission Permanente sont les suivantes :<\/strong><\/p>\n\n\n\n<ul class=\"wp-block-list\"><li>D\u00e9battre d&rsquo;une mani\u00e8re plus approfondie sur une probl\u00e9matique;<\/li><li>Suivre certains travaux tels que des \u00e9tudes;<\/li><li>Pr\u00e9parer, si besoin, des dossiers techniques.<\/li><\/ul>\n\n\n\n<p><strong>La composition nominative de cette commission fix\u00e9e est la suivante :<\/strong><\/p>\n\n\n\n<ul class=\"wp-block-list\"><li><strong>Coll\u00e8ge des \u00e9lus : 8 membres : <\/strong>\u00a0<ul><li>Henri DEJONGHE<\/li><li>Francis PETIT<\/li><li>Eric KRAEMER<\/li><li>Jean-Michel MAGNIER<\/li><li>Thierry POILLET<\/li><li>Claude PATTE<\/li><li>Yves HOSTYN<\/li><li>R\u00e9gis SEINE<\/li><\/ul><\/li><li><strong>Coll\u00e8ge des usagers : 4 membres :<\/strong><ul><li>Pascal SAILLIOT<\/li><li>Patrick CRESTOT<\/li><li>Marie-Fran\u00e7oise LEPERS<\/li><li>Edouard COACHE<\/li><\/ul><\/li><li><strong>Coll\u00e8ge des administrations : 4 membres :<\/strong><ul><li>DREAL<\/li><li>OFB<\/li><li>Agence de l\u2019Eau Artois Picardie<\/li><li>DDTM<\/li><\/ul><\/li><\/ul>\n","protected":false},"excerpt":{"rendered":"<p>Une Commission Permanente a \u00e9t\u00e9 install\u00e9e le 11 mai 2021. Elle est compos\u00e9e de membres repr\u00e9sentatifs des 3 coll\u00e8ges et pr\u00e9sid\u00e9e par le Pr\u00e9sident de la CLE. Elle permet de r\u00e9unir les 3 coll\u00e8ges sans qu&rsquo;il soit n\u00e9cessaire d&rsquo;organiser une r\u00e9union CLE. Les principales missions de la Commission Permanente sont les suivantes : D\u00e9battre d&rsquo;une &hellip; <\/p>\n<p class=\"link-more\"><a href=\"https:\/\/www.sageauthie.fr\/index.php\/la-commission-permanente\/\" class=\"more-link\">Continuer la lecture<span class=\"screen-reader-text\"> de &laquo;&nbsp;La Commission Permanente&nbsp;&raquo;<\/span><\/a><\/p>\n","protected":false},"author":2,"featured_media":0,"parent":0,"menu_order":0,"comment_status":"closed","ping_status":"closed","template":"","meta":{"footnotes":""},"class_list":["post-64","page","type-page","status-publish","hentry"],"_links":{"self":[{"href":"https:\/\/www.sageauthie.fr\/index.php\/wp-json\/wp\/v2\/pages\/64","targetHints":{"allow":["GET"]}}],"collection":[{"href":"https:\/\/www.sageauthie.fr\/index.php\/wp-json\/wp\/v2\/pages"}],"about":[{"href":"https:\/\/www.sageauthie.fr\/index.php\/wp-json\/wp\/v2\/types\/page"}],"author":[{"embeddable":true,"href":"https:\/\/www.sageauthie.fr\/index.php\/wp-json\/wp\/v2\/users\/2"}],"replies":[{"embeddable":true,"href":"https:\/\/www.sageauthie.fr\/index.php\/wp-json\/wp\/v2\/comments?post=64"}],"version-history":[{"count":6,"href":"https:\/\/www.sageauthie.fr\/index.php\/wp-json\/wp\/v2\/pages\/64\/revisions"}],"predecessor-version":[{"id":378,"href":"https:\/\/www.sageauthie.fr\/index.php\/wp-json\/wp\/v2\/pages\/64\/revisions\/378"}],"wp:attachment":[{"href":"https:\/\/www.sageauthie.fr\/index.php\/wp-json\/wp\/v2\/media?parent=64"}],"curies":[{"name":"wp","href":"https:\/\/api.w.org\/{rel}","templated":true}]}}