{"id":63,"date":"2021-03-29T13:55:24","date_gmt":"2021-03-29T11:55:24","guid":{"rendered":"https:\/\/www.sageauthie.fr\/?page_id=63"},"modified":"2021-08-20T11:51:50","modified_gmt":"2021-08-20T09:51:50","slug":"le-bureau-de-la-cle","status":"publish","type":"page","link":"https:\/\/www.sageauthie.fr\/index.php\/le-bureau-de-la-cle\/","title":{"rendered":"le Bureau de la CLE"},"content":{"rendered":"\n<p>Le Bureau de la CLE Authie est compos\u00e9 du Pr\u00e9sident, du Vice-pr\u00e9sident et des Pr\u00e9sidents des Commissions Th\u00e9matiques. Le Pr\u00e9sident du Sympa est invit\u00e9 d&rsquo;office.<\/p>\n\n\n\n<p><strong>Les membres du Bureau sont:<\/strong><\/p>\n\n\n\n<ul class=\"wp-block-list\"><li><strong>Henri DEJONGHE<\/strong>: Pr\u00e9sident de CLE<\/li><li><strong>Francis PETIT<\/strong>: Vice-pr\u00e9sident de CLE<\/li><li><strong>Pascal SAILLIOT<\/strong>: Pr\u00e9sident de la Commission Th\u00e9matique \u00ab\u00a0Gestion des milieux aquatiques\u00a0\u00bb<\/li><li><strong>Patrick CRESTOT<\/strong>: Pr\u00e9sident de la Commission Th\u00e9matique \u00ab\u00a0Erosion, ruissellement et inondation\u00a0\u00bb<\/li><li><strong>Eric KRAEMER<\/strong>: Pr\u00e9sident de la Commission Th\u00e9matique \u00ab\u00a0Gestion de la ressource en eau\u00a0\u00bb<\/li><li><strong>Jean-Michel MAGNIER<\/strong>: Pr\u00e9sident de la Commission Th\u00e9matique \u00ab\u00a0Communication et d\u00e9veloppement du territoire\u00a0\u00bb<\/li><\/ul>\n\n\n\n<p><strong>Les missions du bureau sont:<\/strong><\/p>\n\n\n\n<ul class=\"wp-block-list\"><li>Pr\u00e9parer les s\u00e9ances CLE<\/li><li>Acter certaines d\u00e9cisions relatives au fonctionnement<\/li><li>Examiner les dossiers pour avis sur les projets du territoire<\/li><\/ul>\n\n\n\n<p><\/p>\n","protected":false},"excerpt":{"rendered":"<p>Le Bureau de la CLE Authie est compos\u00e9 du Pr\u00e9sident, du Vice-pr\u00e9sident et des Pr\u00e9sidents des Commissions Th\u00e9matiques. Le Pr\u00e9sident du Sympa est invit\u00e9 d&rsquo;office. Les membres du Bureau sont: Henri DEJONGHE: Pr\u00e9sident de CLE Francis PETIT: Vice-pr\u00e9sident de CLE Pascal SAILLIOT: Pr\u00e9sident de la Commission Th\u00e9matique \u00ab\u00a0Gestion des milieux aquatiques\u00a0\u00bb Patrick CRESTOT: Pr\u00e9sident de &hellip; <\/p>\n<p class=\"link-more\"><a href=\"https:\/\/www.sageauthie.fr\/index.php\/le-bureau-de-la-cle\/\" class=\"more-link\">Continuer la lecture<span class=\"screen-reader-text\"> de &laquo;&nbsp;le Bureau de la CLE&nbsp;&raquo;<\/span><\/a><\/p>\n","protected":false},"author":2,"featured_media":0,"parent":0,"menu_order":0,"comment_status":"closed","ping_status":"closed","template":"","meta":{"footnotes":""},"class_list":["post-63","page","type-page","status-publish","hentry"],"_links":{"self":[{"href":"https:\/\/www.sageauthie.fr\/index.php\/wp-json\/wp\/v2\/pages\/63","targetHints":{"allow":["GET"]}}],"collection":[{"href":"https:\/\/www.sageauthie.fr\/index.php\/wp-json\/wp\/v2\/pages"}],"about":[{"href":"https:\/\/www.sageauthie.fr\/index.php\/wp-json\/wp\/v2\/types\/page"}],"author":[{"embeddable":true,"href":"https:\/\/www.sageauthie.fr\/index.php\/wp-json\/wp\/v2\/users\/2"}],"replies":[{"embeddable":true,"href":"https:\/\/www.sageauthie.fr\/index.php\/wp-json\/wp\/v2\/comments?post=63"}],"version-history":[{"count":7,"href":"https:\/\/www.sageauthie.fr\/index.php\/wp-json\/wp\/v2\/pages\/63\/revisions"}],"predecessor-version":[{"id":463,"href":"https:\/\/www.sageauthie.fr\/index.php\/wp-json\/wp\/v2\/pages\/63\/revisions\/463"}],"wp:attachment":[{"href":"https:\/\/www.sageauthie.fr\/index.php\/wp-json\/wp\/v2\/media?parent=63"}],"curies":[{"name":"wp","href":"https:\/\/api.w.org\/{rel}","templated":true}]}}