{"id":61,"date":"2021-03-29T13:55:24","date_gmt":"2021-03-29T11:55:24","guid":{"rendered":"https:\/\/www.sageauthie.fr\/?page_id=61"},"modified":"2021-03-30T08:55:47","modified_gmt":"2021-03-30T06:55:47","slug":"quest-ce-que-la-cle","status":"publish","type":"page","link":"https:\/\/www.sageauthie.fr\/index.php\/quest-ce-que-la-cle\/","title":{"rendered":"Qu&rsquo;est ce que la CLE"},"content":{"rendered":"\n<p><strong>Le SAGE est \u00e9labor\u00e9, r\u00e9vis\u00e9 et suivi par la Commission Locale de l\u2019Eau <\/strong>(article L. 212-4 du Code de l\u2019Environnement). Il s&rsquo;agit d&rsquo;une assembl\u00e9e d\u00e9lib\u00e9rante qui ne dispose pas de moyens de financements, ni de capacit\u00e9s \u00e0 assurer une ma\u00eetrise d\u2019ouvrage. Elle doit s\u2019appuyer sur une structure porteuse.<\/p>\n\n\n\n<p>La CLE est pr\u00e9sid\u00e9e par un \u00e9lu local et compos\u00e9e de trois coll\u00e8ges, dont les repr\u00e9sentants sont nomm\u00e9s par arr\u00eat\u00e9 pr\u00e9fectoral :<\/p>\n\n\n\n<ul class=\"wp-block-list\"><li>Le coll\u00e8ge desvcollectivit\u00e9s territoriales, de leurs groupements et des \u00e9tablissements publics locaux;<\/li><li>Le coll\u00e8ge des usagers (agriculteurs, industriels, etc.), des propri\u00e9taires fonciers, des organisations professionnelles et des associations concern\u00e9es;<\/li><li>Le coll\u00e8ge de l\u2019\u00c9tat et de ses \u00e9tablissements publics.<\/li><\/ul>\n\n\n\n<div class=\"wp-block-image\"><figure class=\"aligncenter size-large\"><img loading=\"lazy\" decoding=\"async\" width=\"360\" height=\"159\" src=\"https:\/\/www.sageauthie.fr\/wp-content\/uploads\/2021\/03\/image-2.png\" alt=\"\" class=\"wp-image-162\" srcset=\"https:\/\/www.sageauthie.fr\/wp-content\/uploads\/2021\/03\/image-2.png 360w, https:\/\/www.sageauthie.fr\/wp-content\/uploads\/2021\/03\/image-2-300x133.png 300w\" sizes=\"auto, (max-width: 360px) 100vw, 360px\" \/><figcaption>                                    composition de la CLE<\/figcaption><\/figure><\/div>\n\n\n\n<p>La CLE est un lieu privil\u00e9gi\u00e9 de concertation, de d\u00e9bats, de mobilisation et de prise de d\u00e9cision. A tous les stades de la d\u00e9marche du SAGE, elle a son r\u00f4le \u00e0 jouer. Elle prend en compte les \u00e9volutions en cours tels que les d\u00e9crets d\u2019application de la LEMA du 30 d\u00e9cembre 2006 ou les r\u00e9visions du SDAGE intervenant tous les 6 ans. Sa composition, est par cons\u00e9quent, \u00e9galement renouvel\u00e9e tous les 6 ans par arr\u00eat\u00e9.<\/p>\n","protected":false},"excerpt":{"rendered":"<p>Le SAGE est \u00e9labor\u00e9, r\u00e9vis\u00e9 et suivi par la Commission Locale de l\u2019Eau (article L. 212-4 du Code de l\u2019Environnement). Il s&rsquo;agit d&rsquo;une assembl\u00e9e d\u00e9lib\u00e9rante qui ne dispose pas de moyens de financements, ni de capacit\u00e9s \u00e0 assurer une ma\u00eetrise d\u2019ouvrage. Elle doit s\u2019appuyer sur une structure porteuse. La CLE est pr\u00e9sid\u00e9e par un \u00e9lu &hellip; <\/p>\n<p class=\"link-more\"><a href=\"https:\/\/www.sageauthie.fr\/index.php\/quest-ce-que-la-cle\/\" class=\"more-link\">Continuer la lecture<span class=\"screen-reader-text\"> de &laquo;&nbsp;Qu&rsquo;est ce que la CLE&nbsp;&raquo;<\/span><\/a><\/p>\n","protected":false},"author":2,"featured_media":0,"parent":0,"menu_order":0,"comment_status":"closed","ping_status":"closed","template":"","meta":{"footnotes":""},"class_list":["post-61","page","type-page","status-publish","hentry"],"_links":{"self":[{"href":"https:\/\/www.sageauthie.fr\/index.php\/wp-json\/wp\/v2\/pages\/61","targetHints":{"allow":["GET"]}}],"collection":[{"href":"https:\/\/www.sageauthie.fr\/index.php\/wp-json\/wp\/v2\/pages"}],"about":[{"href":"https:\/\/www.sageauthie.fr\/index.php\/wp-json\/wp\/v2\/types\/page"}],"author":[{"embeddable":true,"href":"https:\/\/www.sageauthie.fr\/index.php\/wp-json\/wp\/v2\/users\/2"}],"replies":[{"embeddable":true,"href":"https:\/\/www.sageauthie.fr\/index.php\/wp-json\/wp\/v2\/comments?post=61"}],"version-history":[{"count":5,"href":"https:\/\/www.sageauthie.fr\/index.php\/wp-json\/wp\/v2\/pages\/61\/revisions"}],"predecessor-version":[{"id":193,"href":"https:\/\/www.sageauthie.fr\/index.php\/wp-json\/wp\/v2\/pages\/61\/revisions\/193"}],"wp:attachment":[{"href":"https:\/\/www.sageauthie.fr\/index.php\/wp-json\/wp\/v2\/media?parent=61"}],"curies":[{"name":"wp","href":"https:\/\/api.w.org\/{rel}","templated":true}]}}