{"id":59,"date":"2021-03-29T13:55:24","date_gmt":"2021-03-29T11:55:24","guid":{"rendered":"https:\/\/www.sageauthie.fr\/?page_id=59"},"modified":"2022-08-11T11:43:26","modified_gmt":"2022-08-11T09:43:26","slug":"les-enjeux-du-territoire","status":"publish","type":"page","link":"https:\/\/www.sageauthie.fr\/index.php\/les-enjeux-du-territoire\/","title":{"rendered":"Les enjeux et objectifs du territoire"},"content":{"rendered":"\n<h2 class=\"wp-block-heading\" id=\"enjeu-1-assurer-la-bonne-fonctionnalite-des-milieux-aquatiques-sur-le-territoire\">Enjeu 1: Assurer la bonne fonctionnalit\u00e9 des milieux aquatiques sur le territoire<\/h2>\n\n\n\n<p>Objectif 1.1: Am\u00e9liorer la qualit\u00e9 des habitats<\/p>\n\n\n\n<p>Objectif 1.2: Restaurer  la continuit\u00e9 \u00e9cologique  sur l&rsquo;Authie et sur ses affluents<\/p>\n\n\n\n<p>Objectif 1.3: Pr\u00e9server et valoriser les zones humides<\/p>\n\n\n\n<p>Objectif 1.4: Pr\u00e9server et valoriser les espaces naturels<\/p>\n\n\n\n<h2 class=\"wp-block-heading\" id=\"enjeu-2-prevenir-et-maitriser-les-risques-sur-le-bassin-versant-de-l-authie\">Enjeu 2: Pr\u00e9venir et Ma\u00eetriser les risques sur le bassin versant de l&rsquo;Authie<\/h2>\n\n\n\n<p>Objectif 2.1: D\u00e9velopper la connaissance du risque d&rsquo;inondation sur le territoire<\/p>\n\n\n\n<p>Objectif 2.2: Lutter contre les inondations par les eaux  pluviales en milieu urbain<\/p>\n\n\n\n<p>Objectif 2.3: Lutter contre l&rsquo;\u00e9rosion et le ruissellement sur les terres agricoles<\/p>\n\n\n\n<h2 class=\"wp-block-heading\" id=\"enjeu-3-preserver-et-gerer-la-ressource-en-eau-sur-le-territoire\">Enjeu 3: Pr\u00e9server et g\u00e9rer la ressource en eau sur le territoire<\/h2>\n\n\n\n<p>Objectif 3.1: Am\u00e9liorer la qualit\u00e9 des eaux superficielles<\/p>\n\n\n\n<p>Objectif 3.2: Am\u00e9liorer la qualit\u00e9 des eaux souterraines<\/p>\n\n\n\n<p>Objectif 3.3: Garantir tous les usages et les fonctions de la ressource en pr\u00e9servant l&rsquo;\u00e9quilibre quantitatif<\/p>\n\n\n\n<h2 class=\"wp-block-heading\" id=\"enjeu-4-faire-vivre-le-sage-de-l-authie-sur-le-territoire\">Enjeu 4: Faire vivre le SAGE de l&rsquo;Authie sur le territoire<\/h2>\n\n\n\n<p>Objectif 4.1: D\u00e9velopper la connaissance du SAGE et de la CLE sur le territoire<\/p>\n\n\n\n<p>Objectif 4.2: Int\u00e9grer le SAGE dans le d\u00e9veloppement du territoire<\/p>\n\n\n\n<p>                                                                                                                                <\/p>\n","protected":false},"excerpt":{"rendered":"<p>Enjeu 1: Assurer la bonne fonctionnalit\u00e9 des milieux aquatiques sur le territoire Objectif 1.1: Am\u00e9liorer la qualit\u00e9 des habitats Objectif 1.2: Restaurer la continuit\u00e9 \u00e9cologique sur l&rsquo;Authie et sur ses affluents Objectif 1.3: Pr\u00e9server et valoriser les zones humides Objectif 1.4: Pr\u00e9server et valoriser les espaces naturels Enjeu 2: Pr\u00e9venir et Ma\u00eetriser les risques sur &hellip; <\/p>\n<p class=\"link-more\"><a href=\"https:\/\/www.sageauthie.fr\/index.php\/les-enjeux-du-territoire\/\" class=\"more-link\">Continuer la lecture<span class=\"screen-reader-text\"> de &laquo;&nbsp;Les enjeux et objectifs du territoire&nbsp;&raquo;<\/span><\/a><\/p>\n","protected":false},"author":2,"featured_media":0,"parent":0,"menu_order":0,"comment_status":"closed","ping_status":"closed","template":"","meta":{"footnotes":""},"class_list":["post-59","page","type-page","status-publish","hentry"],"_links":{"self":[{"href":"https:\/\/www.sageauthie.fr\/index.php\/wp-json\/wp\/v2\/pages\/59","targetHints":{"allow":["GET"]}}],"collection":[{"href":"https:\/\/www.sageauthie.fr\/index.php\/wp-json\/wp\/v2\/pages"}],"about":[{"href":"https:\/\/www.sageauthie.fr\/index.php\/wp-json\/wp\/v2\/types\/page"}],"author":[{"embeddable":true,"href":"https:\/\/www.sageauthie.fr\/index.php\/wp-json\/wp\/v2\/users\/2"}],"replies":[{"embeddable":true,"href":"https:\/\/www.sageauthie.fr\/index.php\/wp-json\/wp\/v2\/comments?post=59"}],"version-history":[{"count":4,"href":"https:\/\/www.sageauthie.fr\/index.php\/wp-json\/wp\/v2\/pages\/59\/revisions"}],"predecessor-version":[{"id":697,"href":"https:\/\/www.sageauthie.fr\/index.php\/wp-json\/wp\/v2\/pages\/59\/revisions\/697"}],"wp:attachment":[{"href":"https:\/\/www.sageauthie.fr\/index.php\/wp-json\/wp\/v2\/media?parent=59"}],"curies":[{"name":"wp","href":"https:\/\/api.w.org\/{rel}","templated":true}]}}