{"id":58,"date":"2021-03-29T13:55:24","date_gmt":"2021-03-29T11:55:24","guid":{"rendered":"https:\/\/www.sageauthie.fr\/?page_id=58"},"modified":"2021-03-30T10:39:03","modified_gmt":"2021-03-30T08:39:03","slug":"le-territoire-du-sage-de-lauthie","status":"publish","type":"page","link":"https:\/\/www.sageauthie.fr\/index.php\/le-territoire-du-sage-de-lauthie\/","title":{"rendered":"Le territoire du SAGE de l&rsquo;Authie"},"content":{"rendered":"\n<figure class=\"wp-block-image size-large\"><img loading=\"lazy\" decoding=\"async\" width=\"1024\" height=\"725\" src=\"https:\/\/www.sageauthie.fr\/wp-content\/uploads\/2021\/03\/Carte-02-les-communes-1-1024x725.jpg\" alt=\"\" class=\"wp-image-206\" srcset=\"https:\/\/www.sageauthie.fr\/wp-content\/uploads\/2021\/03\/Carte-02-les-communes-1-1024x725.jpg 1024w, https:\/\/www.sageauthie.fr\/wp-content\/uploads\/2021\/03\/Carte-02-les-communes-1-300x212.jpg 300w, https:\/\/www.sageauthie.fr\/wp-content\/uploads\/2021\/03\/Carte-02-les-communes-1-768x543.jpg 768w, https:\/\/www.sageauthie.fr\/wp-content\/uploads\/2021\/03\/Carte-02-les-communes-1-1536x1087.jpg 1536w, https:\/\/www.sageauthie.fr\/wp-content\/uploads\/2021\/03\/Carte-02-les-communes-1-2048x1449.jpg 2048w\" sizes=\"auto, (max-width: 767px) 89vw, (max-width: 1000px) 54vw, (max-width: 1071px) 543px, 580px\" \/><\/figure>\n\n\n\n<h2 class=\"wp-block-heading\"><strong>L&rsquo;Authie<\/strong><\/h2>\n\n\n\n<p>L&rsquo;Authie est un fleuve c\u00f4tier du nord de la France, orient\u00e9 sud-est \/ nord-ouest. Il s&rsquo;\u00e9tend sur 100 km et marque, sur une partie importante de son lin\u00e9aire, la fronti\u00e8re entre 2 d\u00e9partements : le Pas-de-Calais et la Somme. Il prend sa source \u00e0 Coigneux dans la Somme, \u00e0 une altitude d\u2019environ 100 m et se jette dans la Manche entre Berck et Fort-Mahon, o\u00f9 il forme la baie de l&rsquo;Authie.<\/p>\n\n\n\n<h2 class=\"wp-block-heading\"><strong>Le SAGE Authie<\/strong><\/h2>\n\n\n\n<p>Le territoire du S.A.G.E. de l\u2019Authie a \u00e9t\u00e9 fix\u00e9 par arr\u00eat\u00e9 inter-pr\u00e9fectoral le 5 ao\u00fbt 1999. Il pr\u00e9sente une surface de 1253 km\u00b2 r\u00e9partie sur 155 communes (82 dans le Pas de Calais et 73 dans la Somme). La population a une densit\u00e9 d\u2019environ 79000 habitants et est concentr\u00e9e dans les quatre principales agglom\u00e9rations : Auxi-le-Ch\u00e2teau, Berck-sur-mer, Rang-du-Fliers et Doullens.<\/p>\n\n\n\n<p>Le bassin rel\u00e8ve de la comp\u00e9tence de multiples administrations et organismes. Le territoire est partag\u00e9 entre:<\/p>\n\n\n\n<ul class=\"wp-block-list\"><li>2 d\u00e9partements (Pas-de-Calais et Somme);<\/li><li>1 Communaut\u00e9 d\u2019Agglom\u00e9ration (Communaut\u00e9 d\u2019Agglom\u00e9ration des 2 Baies en Montreuillois);<\/li><li>7 Communaut\u00e9 de Communes (CC du Sud Artois, CC du Pays du Coquelicot, CC du Territoire Nord Picardie, CC des Campagnes de l\u2019Artois, CC du Ternois, CC des 7 Vall\u00e9es, CC de Ponthieu Marquenterre).<\/li><\/ul>\n\n\n\n<p><\/p>\n","protected":false},"excerpt":{"rendered":"<p>L&rsquo;Authie L&rsquo;Authie est un fleuve c\u00f4tier du nord de la France, orient\u00e9 sud-est \/ nord-ouest. Il s&rsquo;\u00e9tend sur 100 km et marque, sur une partie importante de son lin\u00e9aire, la fronti\u00e8re entre 2 d\u00e9partements : le Pas-de-Calais et la Somme. Il prend sa source \u00e0 Coigneux dans la Somme, \u00e0 une altitude d\u2019environ 100 m &hellip; <\/p>\n<p class=\"link-more\"><a href=\"https:\/\/www.sageauthie.fr\/index.php\/le-territoire-du-sage-de-lauthie\/\" class=\"more-link\">Continuer la lecture<span class=\"screen-reader-text\"> de &laquo;&nbsp;Le territoire du SAGE de l&rsquo;Authie&nbsp;&raquo;<\/span><\/a><\/p>\n","protected":false},"author":2,"featured_media":0,"parent":0,"menu_order":0,"comment_status":"closed","ping_status":"closed","template":"","meta":{"footnotes":""},"class_list":["post-58","page","type-page","status-publish","hentry"],"_links":{"self":[{"href":"https:\/\/www.sageauthie.fr\/index.php\/wp-json\/wp\/v2\/pages\/58","targetHints":{"allow":["GET"]}}],"collection":[{"href":"https:\/\/www.sageauthie.fr\/index.php\/wp-json\/wp\/v2\/pages"}],"about":[{"href":"https:\/\/www.sageauthie.fr\/index.php\/wp-json\/wp\/v2\/types\/page"}],"author":[{"embeddable":true,"href":"https:\/\/www.sageauthie.fr\/index.php\/wp-json\/wp\/v2\/users\/2"}],"replies":[{"embeddable":true,"href":"https:\/\/www.sageauthie.fr\/index.php\/wp-json\/wp\/v2\/comments?post=58"}],"version-history":[{"count":9,"href":"https:\/\/www.sageauthie.fr\/index.php\/wp-json\/wp\/v2\/pages\/58\/revisions"}],"predecessor-version":[{"id":207,"href":"https:\/\/www.sageauthie.fr\/index.php\/wp-json\/wp\/v2\/pages\/58\/revisions\/207"}],"wp:attachment":[{"href":"https:\/\/www.sageauthie.fr\/index.php\/wp-json\/wp\/v2\/media?parent=58"}],"curies":[{"name":"wp","href":"https:\/\/api.w.org\/{rel}","templated":true}]}}