{"id":543,"date":"2021-11-29T08:57:14","date_gmt":"2021-11-29T07:57:14","guid":{"rendered":"https:\/\/www.sageauthie.fr\/?page_id=543"},"modified":"2021-11-29T09:03:07","modified_gmt":"2021-11-29T08:03:07","slug":"restaurons-la-continuite-ecologique","status":"publish","type":"page","link":"https:\/\/www.sageauthie.fr\/index.php\/restaurons-la-continuite-ecologique\/","title":{"rendered":"Restaurons la continuit\u00e9 \u00e9cologique"},"content":{"rendered":"\n<figure class=\"wp-block-embed is-type-video is-provider-youtube wp-block-embed-youtube wp-embed-aspect-16-9 wp-has-aspect-ratio\"><div class=\"wp-block-embed__wrapper\">\n<iframe loading=\"lazy\" title=\"Redonnons libre-cours \u00e0 nos rivi\u00e8res !\" width=\"525\" height=\"295\" src=\"https:\/\/www.youtube.com\/embed\/6k9XVAQI8zs?feature=oembed\" frameborder=\"0\" allow=\"accelerometer; autoplay; clipboard-write; encrypted-media; gyroscope; picture-in-picture; web-share\" referrerpolicy=\"strict-origin-when-cross-origin\" allowfullscreen><\/iframe>\n<\/div><figcaption>Vid\u00e9o p\u00e9dagogique de l&rsquo;Agence de l&rsquo;eau Rh\u00f4ne M\u00e9diterran\u00e9e Corse<\/figcaption><\/figure>\n","protected":false},"excerpt":{"rendered":"","protected":false},"author":2,"featured_media":0,"parent":0,"menu_order":0,"comment_status":"closed","ping_status":"closed","template":"","meta":{"footnotes":""},"class_list":["post-543","page","type-page","status-publish","hentry"],"_links":{"self":[{"href":"https:\/\/www.sageauthie.fr\/index.php\/wp-json\/wp\/v2\/pages\/543","targetHints":{"allow":["GET"]}}],"collection":[{"href":"https:\/\/www.sageauthie.fr\/index.php\/wp-json\/wp\/v2\/pages"}],"about":[{"href":"https:\/\/www.sageauthie.fr\/index.php\/wp-json\/wp\/v2\/types\/page"}],"author":[{"embeddable":true,"href":"https:\/\/www.sageauthie.fr\/index.php\/wp-json\/wp\/v2\/users\/2"}],"replies":[{"embeddable":true,"href":"https:\/\/www.sageauthie.fr\/index.php\/wp-json\/wp\/v2\/comments?post=543"}],"version-history":[{"count":2,"href":"https:\/\/www.sageauthie.fr\/index.php\/wp-json\/wp\/v2\/pages\/543\/revisions"}],"predecessor-version":[{"id":549,"href":"https:\/\/www.sageauthie.fr\/index.php\/wp-json\/wp\/v2\/pages\/543\/revisions\/549"}],"wp:attachment":[{"href":"https:\/\/www.sageauthie.fr\/index.php\/wp-json\/wp\/v2\/media?parent=543"}],"curies":[{"name":"wp","href":"https:\/\/api.w.org\/{rel}","templated":true}]}}