{"id":50,"date":"2021-03-29T13:34:22","date_gmt":"2021-03-29T11:34:22","guid":{"rendered":"https:\/\/www.sageauthie.fr\/?page_id=50"},"modified":"2021-03-30T08:31:33","modified_gmt":"2021-03-30T06:31:33","slug":"quest-ce-quun-sage","status":"publish","type":"page","link":"https:\/\/www.sageauthie.fr\/index.php\/quest-ce-quun-sage\/","title":{"rendered":"Qu&rsquo;est ce qu&rsquo;un SAGE"},"content":{"rendered":"\n<h2 class=\"wp-block-heading\"><strong>Le SAGE, un outil de planification locale de l&rsquo;eau<\/strong><\/h2>\n\n\n\n<p>Le <strong>sch\u00e9ma d\u2019am\u00e9nagement et de gestion de l\u2019eau (SAGE)<\/strong> est un outil de planification, institu\u00e9 par la loi sur l&rsquo;eau de 1992, visant la gestion \u00e9quilibr\u00e9e et durable de la ressource en eau. D\u00e9clinaison du Sch\u00e9ma Directeur de l&rsquo;Am\u00e9nagement et de Gestion de l&rsquo;Eau (SDAGE) \u00e0 une \u00e9chelle plus locale, il vise \u00e0 <strong>concilier <\/strong>la satisfaction et le d\u00e9veloppement des diff\u00e9rents usages (eau potable, industrie, agriculture, &#8230;) et la protection des milieux aquatiques, en tenant compte des sp\u00e9cificit\u00e9s d&rsquo;un territoire. D\u00e9limit\u00e9 selon des crit\u00e8res naturels, il concerne un bassin versant hydrographique ou une nappe. Il repose sur une d\u00e9marche volontaire de <strong>concertation <\/strong>avec les acteurs locaux.<\/p>\n\n\n\n<h2 class=\"wp-block-heading\"><strong>Le SAGE planifie, recommande et encadre<\/strong><\/h2>\n\n\n\n<p>Le SAGE fixe, coordonne et hi\u00e9rarchise des objectifs g\u00e9n\u00e9raux d&rsquo;utilisation, de valorisation et de protection quantitative et qualitative des ressources en eau et des \u00e9cosyst\u00e8mes aquatiques, ainsi que de pr\u00e9servation des zones humides. Il identifie les conditions de r\u00e9alisation et les moyens pour atteindre ces objectifs : il pr\u00e9cise les objectifs de qualit\u00e9 et quantit\u00e9 du SDAGE, en tenant compte des sp\u00e9cificit\u00e9s du territoire, il \u00e9nonce des priorit\u00e9s d\u2019actions, il \u00e9dicte des r\u00e8gles particuli\u00e8res d\u2019usage.<\/p>\n\n\n\n<h2 class=\"wp-block-heading\"><strong>Le SAGE et ses documents<\/strong><\/h2>\n\n\n\n<p>Le SAGE comprend : un <strong>plan d\u2019am\u00e9nagement et de gestion durable (PAGD)<\/strong> qui fixe les objectifs, orientations et dispositions du SAGE et ses conditions de r\u00e9alisation, un <strong>r\u00e8glement<\/strong>, accompagn\u00e9 de documents cartographiques, qui \u00e9dicte les r\u00e8gles \u00e0 appliquer pour atteindre les objectifs fix\u00e9s dans le PAGD. Ces \u00e9l\u00e9ments lui conf\u00e8rent une <strong>port\u00e9e juridique<\/strong> :<\/p>\n\n\n\n<ul class=\"wp-block-list\"><li>Le PAGD est opposable aux pouvoirs publics : tout programme, projet ou d\u00e9cision prise par l&rsquo;administration, directement ou indirectement, dans le domaine de l&rsquo;eau et des milieux aquatiques doit \u00eatre <strong>compatible <\/strong>avec le PAGD,<\/li><li>Le r\u00e8glement est opposable aux tiers : tout mode de gestion, projet ou installation de personnes publiques ou priv\u00e9es doit \u00eatre <strong>conforme <\/strong>avec le r\u00e8glement.<\/li><\/ul>\n\n\n\n<p>Pour l&rsquo;enqu\u00eate publique, est joint \u00e0 ces documents un <strong>rapport environnemental,<\/strong> qui d\u00e9crit et \u00e9value les effets notables que peut avoir le SAGE sur l\u2019environnement.<\/p>\n\n\n\n<div class=\"wp-block-image\"><figure class=\"aligncenter size-large is-resized\"><img loading=\"lazy\" decoding=\"async\" src=\"https:\/\/www.sageauthie.fr\/wp-content\/uploads\/2021\/03\/image.png\" alt=\"\" class=\"wp-image-131\" width=\"365\" height=\"263\" srcset=\"https:\/\/www.sageauthie.fr\/wp-content\/uploads\/2021\/03\/image.png 365w, https:\/\/www.sageauthie.fr\/wp-content\/uploads\/2021\/03\/image-300x216.png 300w\" sizes=\"auto, (max-width: 365px) 100vw, 365px\" \/><figcaption>source: Gest&rsquo;eau<\/figcaption><\/figure><\/div>\n","protected":false},"excerpt":{"rendered":"<p>Le SAGE, un outil de planification locale de l&rsquo;eau Le sch\u00e9ma d\u2019am\u00e9nagement et de gestion de l\u2019eau (SAGE) est un outil de planification, institu\u00e9 par la loi sur l&rsquo;eau de 1992, visant la gestion \u00e9quilibr\u00e9e et durable de la ressource en eau. D\u00e9clinaison du Sch\u00e9ma Directeur de l&rsquo;Am\u00e9nagement et de Gestion de l&rsquo;Eau (SDAGE) \u00e0 &hellip; <\/p>\n<p class=\"link-more\"><a href=\"https:\/\/www.sageauthie.fr\/index.php\/quest-ce-quun-sage\/\" class=\"more-link\">Continuer la lecture<span class=\"screen-reader-text\"> de &laquo;&nbsp;Qu&rsquo;est ce qu&rsquo;un SAGE&nbsp;&raquo;<\/span><\/a><\/p>\n","protected":false},"author":2,"featured_media":0,"parent":0,"menu_order":0,"comment_status":"closed","ping_status":"closed","template":"","meta":{"footnotes":""},"class_list":["post-50","page","type-page","status-publish","hentry"],"_links":{"self":[{"href":"https:\/\/www.sageauthie.fr\/index.php\/wp-json\/wp\/v2\/pages\/50","targetHints":{"allow":["GET"]}}],"collection":[{"href":"https:\/\/www.sageauthie.fr\/index.php\/wp-json\/wp\/v2\/pages"}],"about":[{"href":"https:\/\/www.sageauthie.fr\/index.php\/wp-json\/wp\/v2\/types\/page"}],"author":[{"embeddable":true,"href":"https:\/\/www.sageauthie.fr\/index.php\/wp-json\/wp\/v2\/users\/2"}],"replies":[{"embeddable":true,"href":"https:\/\/www.sageauthie.fr\/index.php\/wp-json\/wp\/v2\/comments?post=50"}],"version-history":[{"count":14,"href":"https:\/\/www.sageauthie.fr\/index.php\/wp-json\/wp\/v2\/pages\/50\/revisions"}],"predecessor-version":[{"id":182,"href":"https:\/\/www.sageauthie.fr\/index.php\/wp-json\/wp\/v2\/pages\/50\/revisions\/182"}],"wp:attachment":[{"href":"https:\/\/www.sageauthie.fr\/index.php\/wp-json\/wp\/v2\/media?parent=50"}],"curies":[{"name":"wp","href":"https:\/\/api.w.org\/{rel}","templated":true}]}}