{"id":309,"date":"2021-05-18T12:11:08","date_gmt":"2021-05-18T10:11:08","guid":{"rendered":"https:\/\/www.sageauthie.fr\/?page_id=309"},"modified":"2021-05-20T09:52:32","modified_gmt":"2021-05-20T07:52:32","slug":"ct4-communication-et-developpement-du-territoire","status":"publish","type":"page","link":"https:\/\/www.sageauthie.fr\/index.php\/ct4-communication-et-developpement-du-territoire\/","title":{"rendered":"CT4 Communication et d\u00e9veloppement du territoire"},"content":{"rendered":"\n<p>Cette commission est pr\u00e9sid\u00e9e par Jean-Michel MAGNIER, Maire de Beaumetz et Vice-pr\u00e9sident en charge de l&rsquo;enfance et de la jeunesse \u00e0 la Communaut\u00e9 de Communes Territoire Nord Picardie.<\/p>\n\n\n\n<p>Les th\u00e9matiques abord\u00e9es dans cette commission sont:<\/p>\n\n\n\n<ul class=\"wp-block-list\"><li><strong>la communication autour du SAGE<\/strong>: le SAGE pour qu&rsquo;il soit respect\u00e9 et l\u00e9gitime, doit \u00eatre connu \u00e0 la fois des acteurs de l&rsquo;eau mais aussi de la population. Une communication autour de son \u00e9laboration mais aussi pendant sa mise en \u0153uvre est importante;<\/li><li><strong>le d\u00e9veloppement du territoire<\/strong>: un lien entre le SAGE et les documents d&rsquo;urbanisme est indispensable pour que les probl\u00e9matiques li\u00e9es \u00e0 la gestion de l&rsquo;eau soient prises en compte sur le territoire.<\/li><\/ul>\n","protected":false},"excerpt":{"rendered":"<p>Cette commission est pr\u00e9sid\u00e9e par Jean-Michel MAGNIER, Maire de Beaumetz et Vice-pr\u00e9sident en charge de l&rsquo;enfance et de la jeunesse \u00e0 la Communaut\u00e9 de Communes Territoire Nord Picardie. Les th\u00e9matiques abord\u00e9es dans cette commission sont: la communication autour du SAGE: le SAGE pour qu&rsquo;il soit respect\u00e9 et l\u00e9gitime, doit \u00eatre connu \u00e0 la fois des &hellip; <\/p>\n<p class=\"link-more\"><a href=\"https:\/\/www.sageauthie.fr\/index.php\/ct4-communication-et-developpement-du-territoire\/\" class=\"more-link\">Continuer la lecture<span class=\"screen-reader-text\"> de &laquo;&nbsp;CT4 Communication et d\u00e9veloppement du territoire&nbsp;&raquo;<\/span><\/a><\/p>\n","protected":false},"author":2,"featured_media":0,"parent":0,"menu_order":0,"comment_status":"closed","ping_status":"closed","template":"","meta":{"footnotes":""},"class_list":["post-309","page","type-page","status-publish","hentry"],"_links":{"self":[{"href":"https:\/\/www.sageauthie.fr\/index.php\/wp-json\/wp\/v2\/pages\/309","targetHints":{"allow":["GET"]}}],"collection":[{"href":"https:\/\/www.sageauthie.fr\/index.php\/wp-json\/wp\/v2\/pages"}],"about":[{"href":"https:\/\/www.sageauthie.fr\/index.php\/wp-json\/wp\/v2\/types\/page"}],"author":[{"embeddable":true,"href":"https:\/\/www.sageauthie.fr\/index.php\/wp-json\/wp\/v2\/users\/2"}],"replies":[{"embeddable":true,"href":"https:\/\/www.sageauthie.fr\/index.php\/wp-json\/wp\/v2\/comments?post=309"}],"version-history":[{"count":3,"href":"https:\/\/www.sageauthie.fr\/index.php\/wp-json\/wp\/v2\/pages\/309\/revisions"}],"predecessor-version":[{"id":340,"href":"https:\/\/www.sageauthie.fr\/index.php\/wp-json\/wp\/v2\/pages\/309\/revisions\/340"}],"wp:attachment":[{"href":"https:\/\/www.sageauthie.fr\/index.php\/wp-json\/wp\/v2\/media?parent=309"}],"curies":[{"name":"wp","href":"https:\/\/api.w.org\/{rel}","templated":true}]}}