{"id":306,"date":"2021-05-18T12:11:08","date_gmt":"2021-05-18T10:11:08","guid":{"rendered":"https:\/\/www.sageauthie.fr\/?page_id=306"},"modified":"2021-06-02T11:18:45","modified_gmt":"2021-06-02T09:18:45","slug":"ct1-gestion-des-milieux-aquatiques","status":"publish","type":"page","link":"https:\/\/www.sageauthie.fr\/index.php\/ct1-gestion-des-milieux-aquatiques\/","title":{"rendered":"CT1 Gestion des milieux aquatiques"},"content":{"rendered":"\n<p>Cette commission est pr\u00e9sid\u00e9e par Pascal SAILLIOT, Pr\u00e9sident de la F\u00e9d\u00e9ration de P\u00eache du Pas-de-Calais.<\/p>\n\n\n\n<p>Les th\u00e9matiques abord\u00e9es dans cette commission sont:<\/p>\n\n\n\n<ul class=\"wp-block-list\"><li><strong>L&rsquo;hydromorphologie<\/strong> qui correspond \u00e0 la qualit\u00e9 physique de l&rsquo;Authie;<\/li><li><strong>L&rsquo;entretien de l&rsquo;Authie et de ses affluents<\/strong>: retrait des emb\u00e2cles, gestion des berges et de la ripisylve, lutte contre les esp\u00e8ces invasives;<\/li><li><strong>La restauration de la continuit\u00e9 \u00e9cologique<\/strong>: gestion des ouvrages pr\u00e9sents sur l&rsquo;Authie;<\/li><li><strong>La protection des zones humides<\/strong>: milieux recouverts d\u2019eau peu profonde de fa\u00e7on temporaire ou permanente. Ces milieux abritent une biodiversit\u00e9 remarquable et apportent de nombreux services \u00e0 l&rsquo;environnement.<\/li><\/ul>\n\n\n\n<p><\/p>\n","protected":false},"excerpt":{"rendered":"<p>Cette commission est pr\u00e9sid\u00e9e par Pascal SAILLIOT, Pr\u00e9sident de la F\u00e9d\u00e9ration de P\u00eache du Pas-de-Calais. Les th\u00e9matiques abord\u00e9es dans cette commission sont: L&rsquo;hydromorphologie qui correspond \u00e0 la qualit\u00e9 physique de l&rsquo;Authie; L&rsquo;entretien de l&rsquo;Authie et de ses affluents: retrait des emb\u00e2cles, gestion des berges et de la ripisylve, lutte contre les esp\u00e8ces invasives; La restauration &hellip; <\/p>\n<p class=\"link-more\"><a href=\"https:\/\/www.sageauthie.fr\/index.php\/ct1-gestion-des-milieux-aquatiques\/\" class=\"more-link\">Continuer la lecture<span class=\"screen-reader-text\"> de &laquo;&nbsp;CT1 Gestion des milieux aquatiques&nbsp;&raquo;<\/span><\/a><\/p>\n","protected":false},"author":2,"featured_media":0,"parent":0,"menu_order":0,"comment_status":"closed","ping_status":"closed","template":"","meta":{"footnotes":""},"class_list":["post-306","page","type-page","status-publish","hentry"],"_links":{"self":[{"href":"https:\/\/www.sageauthie.fr\/index.php\/wp-json\/wp\/v2\/pages\/306","targetHints":{"allow":["GET"]}}],"collection":[{"href":"https:\/\/www.sageauthie.fr\/index.php\/wp-json\/wp\/v2\/pages"}],"about":[{"href":"https:\/\/www.sageauthie.fr\/index.php\/wp-json\/wp\/v2\/types\/page"}],"author":[{"embeddable":true,"href":"https:\/\/www.sageauthie.fr\/index.php\/wp-json\/wp\/v2\/users\/2"}],"replies":[{"embeddable":true,"href":"https:\/\/www.sageauthie.fr\/index.php\/wp-json\/wp\/v2\/comments?post=306"}],"version-history":[{"count":5,"href":"https:\/\/www.sageauthie.fr\/index.php\/wp-json\/wp\/v2\/pages\/306\/revisions"}],"predecessor-version":[{"id":358,"href":"https:\/\/www.sageauthie.fr\/index.php\/wp-json\/wp\/v2\/pages\/306\/revisions\/358"}],"wp:attachment":[{"href":"https:\/\/www.sageauthie.fr\/index.php\/wp-json\/wp\/v2\/media?parent=306"}],"curies":[{"name":"wp","href":"https:\/\/api.w.org\/{rel}","templated":true}]}}