{"id":219,"date":"2021-03-31T16:08:49","date_gmt":"2021-03-31T14:08:49","guid":{"rendered":"https:\/\/www.sageauthie.fr\/?page_id=219"},"modified":"2023-01-12T12:39:19","modified_gmt":"2023-01-12T11:39:19","slug":"contacts","status":"publish","type":"page","link":"https:\/\/www.sageauthie.fr\/index.php\/contacts\/","title":{"rendered":"Contacts"},"content":{"rendered":"\n<h2 class=\"wp-block-heading\">Si\u00e8ge de la CLE<\/h2>\n\n\n\n<p>Symc\u00e9a &#8211; 34 Route d&rsquo;Hesdin<br>62770 Auchy-l\u00e8s-Hesdin<\/p>\n\n\n\n<p>Site web : <a rel=\"noreferrer noopener\" href=\"http:\/\/www.symcea.fr\" target=\"_blank\">http:\/\/www.symcea.fr<\/a><br>Email : <a href=\"mailto:contac@symcea.fr\">contact@symcea.fr<\/a><br>T\u00e9l\u00e9phone : 03 21 06 24 89<\/p>\n\n\n\n<h2 class=\"wp-block-heading\">Animatrice SAGE<\/h2>\n\n\n\n<p>Cassandre WAYMEL<br>Email : cassandre.waymel@symcea.fr<br>T\u00e9l\u00e9phone : 03 21 06 77 04<\/p>\n\n\n\n<p><\/p>\n","protected":false},"excerpt":{"rendered":"<p>Si\u00e8ge de la CLE Symc\u00e9a &#8211; 34 Route d&rsquo;Hesdin62770 Auchy-l\u00e8s-Hesdin Site web : http:\/\/www.symcea.frEmail : contact@symcea.frT\u00e9l\u00e9phone : 03 21 06 24 89 Animatrice SAGE Cassandre WAYMELEmail : cassandre.waymel@symcea.frT\u00e9l\u00e9phone : 03 21 06 77 04<\/p>\n","protected":false},"author":2,"featured_media":0,"parent":0,"menu_order":0,"comment_status":"closed","ping_status":"closed","template":"","meta":{"footnotes":""},"class_list":["post-219","page","type-page","status-publish","hentry"],"_links":{"self":[{"href":"https:\/\/www.sageauthie.fr\/index.php\/wp-json\/wp\/v2\/pages\/219","targetHints":{"allow":["GET"]}}],"collection":[{"href":"https:\/\/www.sageauthie.fr\/index.php\/wp-json\/wp\/v2\/pages"}],"about":[{"href":"https:\/\/www.sageauthie.fr\/index.php\/wp-json\/wp\/v2\/types\/page"}],"author":[{"embeddable":true,"href":"https:\/\/www.sageauthie.fr\/index.php\/wp-json\/wp\/v2\/users\/2"}],"replies":[{"embeddable":true,"href":"https:\/\/www.sageauthie.fr\/index.php\/wp-json\/wp\/v2\/comments?post=219"}],"version-history":[{"count":5,"href":"https:\/\/www.sageauthie.fr\/index.php\/wp-json\/wp\/v2\/pages\/219\/revisions"}],"predecessor-version":[{"id":733,"href":"https:\/\/www.sageauthie.fr\/index.php\/wp-json\/wp\/v2\/pages\/219\/revisions\/733"}],"wp:attachment":[{"href":"https:\/\/www.sageauthie.fr\/index.php\/wp-json\/wp\/v2\/media?parent=219"}],"curies":[{"name":"wp","href":"https:\/\/api.w.org\/{rel}","templated":true}]}}