{"id":152,"date":"2021-03-29T16:07:32","date_gmt":"2021-03-29T14:07:32","guid":{"rendered":"https:\/\/www.sageauthie.fr\/?page_id=152"},"modified":"2021-03-30T08:53:40","modified_gmt":"2021-03-30T06:53:40","slug":"la-structure-porteuse","status":"publish","type":"page","link":"https:\/\/www.sageauthie.fr\/index.php\/la-structure-porteuse\/","title":{"rendered":"La structure porteuse"},"content":{"rendered":"\n<h2 class=\"wp-block-heading\">Le Symc\u00e9a<\/h2>\n\n\n\n<p>Le Syndicat Mixte pour le Sch\u00e9ma d\u2019Am\u00e9nagement et de Gestion des Eaux (SAGE)&nbsp;de la Canche a \u00e9t\u00e9 cr\u00e9\u00e9 le 13 avril 2000. En janvier 2013, il devient le Syndicat Mixte Canche et Affluents, le Symc\u00e9a.<\/p>\n\n\n\n<p>Par arr\u00eat\u00e9 inter-pr\u00e9fectoral du 25 novembre 2019 portant extension du p\u00e9rim\u00e8tre et modification des statuts du Symc\u00e9a, le Syndicat Mixte Canche et Affluents devient le Syndicat Mixte Canche et Authie et porte les SAGE Canche et Authie.<\/p>\n\n\n\n<p>Pour plus d&rsquo;information, vous pouvez consulter le site du Symc\u00e9a: <a href=\"https:\/\/www.symcea.fr\/\" data-type=\"URL\" data-id=\"https:\/\/www.symcea.fr\/\">https:\/\/www.symcea.fr\/<\/a><\/p>\n\n\n\n<p><\/p>\n","protected":false},"excerpt":{"rendered":"<p>Le Symc\u00e9a Le Syndicat Mixte pour le Sch\u00e9ma d\u2019Am\u00e9nagement et de Gestion des Eaux (SAGE)&nbsp;de la Canche a \u00e9t\u00e9 cr\u00e9\u00e9 le 13 avril 2000. En janvier 2013, il devient le Syndicat Mixte Canche et Affluents, le Symc\u00e9a. Par arr\u00eat\u00e9 inter-pr\u00e9fectoral du 25 novembre 2019 portant extension du p\u00e9rim\u00e8tre et modification des statuts du Symc\u00e9a, le &hellip; <\/p>\n<p class=\"link-more\"><a href=\"https:\/\/www.sageauthie.fr\/index.php\/la-structure-porteuse\/\" class=\"more-link\">Continuer la lecture<span class=\"screen-reader-text\"> de &laquo;&nbsp;La structure porteuse&nbsp;&raquo;<\/span><\/a><\/p>\n","protected":false},"author":2,"featured_media":0,"parent":0,"menu_order":0,"comment_status":"closed","ping_status":"closed","template":"","meta":{"footnotes":""},"class_list":["post-152","page","type-page","status-publish","hentry"],"_links":{"self":[{"href":"https:\/\/www.sageauthie.fr\/index.php\/wp-json\/wp\/v2\/pages\/152","targetHints":{"allow":["GET"]}}],"collection":[{"href":"https:\/\/www.sageauthie.fr\/index.php\/wp-json\/wp\/v2\/pages"}],"about":[{"href":"https:\/\/www.sageauthie.fr\/index.php\/wp-json\/wp\/v2\/types\/page"}],"author":[{"embeddable":true,"href":"https:\/\/www.sageauthie.fr\/index.php\/wp-json\/wp\/v2\/users\/2"}],"replies":[{"embeddable":true,"href":"https:\/\/www.sageauthie.fr\/index.php\/wp-json\/wp\/v2\/comments?post=152"}],"version-history":[{"count":5,"href":"https:\/\/www.sageauthie.fr\/index.php\/wp-json\/wp\/v2\/pages\/152\/revisions"}],"predecessor-version":[{"id":191,"href":"https:\/\/www.sageauthie.fr\/index.php\/wp-json\/wp\/v2\/pages\/152\/revisions\/191"}],"wp:attachment":[{"href":"https:\/\/www.sageauthie.fr\/index.php\/wp-json\/wp\/v2\/media?parent=152"}],"curies":[{"name":"wp","href":"https:\/\/api.w.org\/{rel}","templated":true}]}}